{"id":2965,"date":"2024-07-10T14:02:03","date_gmt":"2024-07-10T12:02:03","guid":{"rendered":"https:\/\/eurocolor-plock.pl\/?page_id=2965"},"modified":"2024-07-25T14:10:12","modified_gmt":"2024-07-25T12:10:12","slug":"test","status":"publish","type":"page","link":"https:\/\/eurocolor-plock.pl\/pl\/test\/","title":{"rendered":"Outlet"},"content":{"rendered":"<div class=\"fusion-fullwidth fullwidth-box fusion-builder-row-1 fusion-flex-container nonhundred-percent-fullwidth non-hundred-percent-height-scrolling\" style=\"background-color: rgba(255,255,255,0);background-position: center center;background-repeat: no-repeat;border-width: 0px 0px 0px 0px;border-color:#eae9e9;border-style:solid;\" ><div class=\"fusion-builder-row fusion-row fusion-flex-align-items-flex-start\" style=\"max-width:1216.8px;margin-left: calc(-4% \/ 2 );margin-right: calc(-4% \/ 2 );\"><div class=\"fusion-layout-column fusion_builder_column fusion-builder-column-0 fusion_builder_column_1_1 1_1 fusion-flex-column\"><div class=\"fusion-column-wrapper fusion-flex-justify-content-flex-start fusion-content-layout-column\" style=\"background-position:left top;background-repeat:no-repeat;-webkit-background-size:cover;-moz-background-size:cover;-o-background-size:cover;background-size:cover;padding: 0px 0px 0px 0px;\"><div class=\"section__body\"><div class=\"table-section\"><table><tbody><tr><td> Nazwa okna <\/td> <td><strong> SYNEGO <\/strong> (Rehau Synego) <\/td><\/tr> <tr><td> Rodzaj materia\u0142u <\/td> <td><strong> RAU-PVC <\/strong> marki <strong> REHAU <\/strong><\/td><\/tr> <tr><td> Szeroko\u015b\u0107 <\/td> <td><strong> 80 mm <\/strong><\/td><\/tr> <tr><td> Ilo\u015b\u0107 kom\u00f3r <\/td> <td><strong> 7 <\/strong> (rama), <strong> 6 <\/strong> (skrzyd\u0142o) <\/td><\/tr> <tr><td> Ilo\u015b\u0107 uszczelek <\/td> <td><strong> 3 <\/strong> (wersja MD) lub <strong> 2 <\/strong> (wersja AD) <\/td><\/tr> <tr><td> Rodzaj skrzyd\u0142a <\/td> <td><strong> proste Sx, p\u00f3\u0142okr\u0105g\u0142e <span class=\"dictionary--term\" data-seolink=\"rx\"> Rx <\/span><\/strong><\/td><\/tr> <tr><td> Parametr Uf <\/td> <td><strong> 1,0 W\/m2K <\/strong><\/td><\/tr> <tr><td> Parametr Uw <\/td> <td><strong> 0,73 W\/m <sup> 2 <\/sup> K <\/strong> (dla szyby 0,5 z\u00a0ciep\u0142\u0105 ramk\u0105) <\/td><\/tr> <tr><td> Okres gwarancji <\/td> <td><strong> do\u00a07 lat <\/strong> na\u00a0okna bia\u0142e i\u00a0kolorowe <\/td><\/tr> <tr><td> W\u0142a\u015bciwo\u015bci specjalne <\/td> <td><ul><li> specjalne nachylenie wr\u0119bu szybowego ramy i\u00a0skrzyd\u0142a pod k\u0105tem 8 stopni, zapewniaj\u0105cy w\u0142a\u015bciwy odp\u0142yw wody <\/li> <li> przegroda KVS z\u00a0dodatkow\u0105 uszczelk\u0105 pod skrzyd\u0142em eliminuj\u0105ca powstawanie mostk\u00f3w termicznych <\/li> <li> nowej generacji uszczelki, zapewniaj\u0105cy wysoki komfort obs\u0142ugi, dzi\u0119ki zmniejszeniu oporu w\u00a0klamce przy otwieraniu \/ zamykaniu okna <\/li><\/ul><\/td><\/tr> <tr><td> Rodzina produkt\u00f3w <\/td> <td><ul><li> Okna <\/li> <li> Drzwi przesuwne PSK <\/li> <li> Drzwi przesuwne SLIDE <\/li> <li> Drzwi przesuwne HS <\/li> <li> Drzwi wej\u015bciowe <\/li><\/ul><\/td><\/tr><\/tbody><\/table><\/div><div class=\"container\"><div class=\"row\"><div class=\"swiper-container swiper-container-initialized swiper-container-horizontal swiper-container-pointer-events col-12 col-lg-10 product-swiper product-swiper--main\"><div class=\"swiper-button-prev swiper-button-disabled\" tabindex=\"-1\" role=\"button\" aria-label=\"Previous slide\" aria-controls=\"swiper-wrapper-83f8c10862a843f98\" aria-disabled=\"true\"><\/div><div class=\"swiper-button-next\" tabindex=\"0\" role=\"button\" aria-label=\"Next slide\" aria-controls=\"swiper-wrapper-83f8c10862a843f98\" aria-disabled=\"false\"><\/div><!----><!----><div class=\"swiper-wrapper\" id=\"swiper-wrapper-83f8c10862a843f98\" aria-live=\"polite\" style=\"transform: translate3d(0px, 0px, 0px); transition-duration: 0ms;\"><div class=\"swiper-slide swiper-slide-active\" style=\"width: 920px;\" role=\"group\" aria-label=\"1 \/ 2\"><img decoding=\"async\" class=\"lazyload img-fluid\" src=\"\/images\/catalog_slider\/sliders\/36626\/img-9541-bia-ee-t-eo_62ce95e491f110_07630895.jpg.jpg\" data-orig-src=\"\/images\/catalog_slider\/sliders\/36626\/img-9541-bia-ee-t-eo_62ce95e491f110_07630895.jpg.jpg\" srcset=\"data:image\/gif;base64,R0lGODlhAQABAAAAACH5BAEKAAEALAAAAAABAAEAAAICTAEAOw==\" data-srcset=\"\/images\/catalog_slider\/sliders\/36626\/img-9541-bia-ee-t-eo_62ce95e491f110_07630895.jpg.jpg, \/images\/catalog_slider2x\/sliders\/36626\/img-9541-bia-ee-t-eo_62ce95e491f110_07630895.jpg.jpg 2x\" alt=\"\"><p><\/p><\/div><div class=\"swiper-slide swiper-slide-next\" style=\"width: 920px;\" role=\"group\" aria-label=\"2 \/ 2\"><img decoding=\"async\" class=\"lazyload img-fluid\" src=\"\/images\/catalog_slider\/sliders\/36627\/img-9562-bia-ee-t-eo_62ce95e5abf137_10736758.jpg.jpg\" data-orig-src=\"\/images\/catalog_slider\/sliders\/36627\/img-9562-bia-ee-t-eo_62ce95e5abf137_10736758.jpg.jpg\" srcset=\"data:image\/gif;base64,R0lGODlhAQABAAAAACH5BAEKAAEALAAAAAABAAEAAAICTAEAOw==\" data-srcset=\"\/images\/catalog_slider\/sliders\/36627\/img-9562-bia-ee-t-eo_62ce95e5abf137_10736758.jpg.jpg, \/images\/catalog_slider2x\/sliders\/36627\/img-9562-bia-ee-t-eo_62ce95e5abf137_10736758.jpg.jpg 2x\" alt=\"\"><p><\/p><\/div><\/div><span class=\"swiper-notification\" aria-live=\"assertive\" aria-atomic=\"true\"><\/span><\/div><div class=\"swiper-container swiper-container-initialized swiper-container-vertical swiper-container-pointer-events col-12 col-lg-2 product-swiper product-swiper--thumbs swiper-container-thumbs\"><div class=\"swiper-button-prev swiper-button-disabled\" tabindex=\"-1\" role=\"button\" aria-label=\"Previous slide\" aria-controls=\"swiper-wrapper-288a8fa1022a0f4ec\" aria-disabled=\"true\"><\/div><div class=\"swiper-button-next swiper-button-disabled\" tabindex=\"-1\" role=\"button\" aria-label=\"Next slide\" aria-controls=\"swiper-wrapper-288a8fa1022a0f4ec\" aria-disabled=\"true\"><\/div><!----><!----><div class=\"swiper-wrapper\" id=\"swiper-wrapper-288a8fa1022a0f4ec\" aria-live=\"polite\" style=\"transform: translate3d(0px, 0px, 0px); transition-duration: 0ms;\"><div class=\"swiper-slide swiper-slide-thumb-active swiper-slide-visible swiper-slide-active\" style=\"height: 150px; margin-bottom: 10px;\" role=\"group\" aria-label=\"1 \/ 2\"><img decoding=\"async\" class=\"lazyload img-fluid\" src=\"\/images\/catalog_slider\/sliders\/36626\/img-9541-bia-ee-t-eo_62ce95e491f110_07630895.jpg.jpg\" data-orig-src=\"\/images\/catalog_slider\/sliders\/36626\/img-9541-bia-ee-t-eo_62ce95e491f110_07630895.jpg.jpg\" srcset=\"data:image\/gif;base64,R0lGODlhAQABAAAAACH5BAEKAAEALAAAAAABAAEAAAICTAEAOw==\" data-srcset=\"\/images\/catalog_slider\/sliders\/36626\/img-9541-bia-ee-t-eo_62ce95e491f110_07630895.jpg.jpg, \/images\/catalog_slider2x\/sliders\/36626\/img-9541-bia-ee-t-eo_62ce95e491f110_07630895.jpg.jpg 2x\" alt=\"\"><\/div><div class=\"swiper-slide swiper-slide-visible swiper-slide-next\" style=\"height: 150px; margin-bottom: 10px;\" role=\"group\" aria-label=\"2 \/ 2\"><img decoding=\"async\" class=\"lazyload img-fluid\" src=\"\/images\/catalog_slider\/sliders\/36627\/img-9562-bia-ee-t-eo_62ce95e5abf137_10736758.jpg.jpg\" data-orig-src=\"\/images\/catalog_slider\/sliders\/36627\/img-9562-bia-ee-t-eo_62ce95e5abf137_10736758.jpg.jpg\" srcset=\"data:image\/gif;base64,R0lGODlhAQABAAAAACH5BAEKAAEALAAAAAABAAEAAAICTAEAOw==\" data-srcset=\"\/images\/catalog_slider\/sliders\/36627\/img-9562-bia-ee-t-eo_62ce95e5abf137_10736758.jpg.jpg, \/images\/catalog_slider2x\/sliders\/36627\/img-9562-bia-ee-t-eo_62ce95e5abf137_10736758.jpg.jpg 2x\" alt=\"\"><\/div><\/div><span class=\"swiper-notification\" aria-live=\"assertive\" aria-atomic=\"true\"><\/span><\/div><\/div><\/div><\/div><\/div><style type=\"text\/css\">.fusion-body .fusion-builder-column-0{width:100% !important;margin-top : 0px;margin-bottom : 0px;}.fusion-builder-column-0 > .fusion-column-wrapper {padding-top : 0px !important;padding-right : 0px !important;margin-right : 1.92%;padding-bottom : 0px !important;padding-left : 0px !important;margin-left : 1.92%;}@media only screen and (max-width:1024px) {.fusion-body .fusion-builder-column-0{width:100% !important;order : 0;}.fusion-builder-column-0 > .fusion-column-wrapper {margin-right : 1.92%;margin-left : 1.92%;}}@media only screen and (max-width:640px) {.fusion-body .fusion-builder-column-0{width:100% !important;order : 0;}.fusion-builder-column-0 > .fusion-column-wrapper {margin-right : 1.92%;margin-left : 1.92%;}}<\/style><\/div><\/div><style type=\"text\/css\">.fusion-body .fusion-flex-container.fusion-builder-row-1{ padding-top : 0px;margin-top : 0px;padding-right : 0px;padding-bottom : 0px;margin-bottom : 0px;padding-left : 0px;}<\/style><\/div>","protected":false},"excerpt":{"rendered":"","protected":false},"author":1,"featured_media":0,"parent":0,"menu_order":0,"comment_status":"closed","ping_status":"closed","template":"","meta":{"footnotes":""},"class_list":["post-2965","page","type-page","status-publish","hentry"],"_links":{"self":[{"href":"https:\/\/eurocolor-plock.pl\/pl\/wp-json\/wp\/v2\/pages\/2965"}],"collection":[{"href":"https:\/\/eurocolor-plock.pl\/pl\/wp-json\/wp\/v2\/pages"}],"about":[{"href":"https:\/\/eurocolor-plock.pl\/pl\/wp-json\/wp\/v2\/types\/page"}],"author":[{"embeddable":true,"href":"https:\/\/eurocolor-plock.pl\/pl\/wp-json\/wp\/v2\/users\/1"}],"replies":[{"embeddable":true,"href":"https:\/\/eurocolor-plock.pl\/pl\/wp-json\/wp\/v2\/comments?post=2965"}],"version-history":[{"count":4,"href":"https:\/\/eurocolor-plock.pl\/pl\/wp-json\/wp\/v2\/pages\/2965\/revisions"}],"predecessor-version":[{"id":2995,"href":"https:\/\/eurocolor-plock.pl\/pl\/wp-json\/wp\/v2\/pages\/2965\/revisions\/2995"}],"wp:attachment":[{"href":"https:\/\/eurocolor-plock.pl\/pl\/wp-json\/wp\/v2\/media?parent=2965"}],"curies":[{"name":"wp","href":"https:\/\/api.w.org\/{rel}","templated":true}]}}